{"id":42,"date":"2023-04-11T18:08:31","date_gmt":"2023-04-11T16:08:31","guid":{"rendered":"https:\/\/ambasciatapraga.esteri.it\/?page_id=42"},"modified":"2023-09-26T05:59:29","modified_gmt":"2023-09-26T09:59:29","slug":"la-rete-consolare","status":"publish","type":"page","link":"https:\/\/ambcaracas.esteri.it\/it\/chi-siamo\/la-rete-consolare\/","title":{"rendered":"La Rete Consolare"},"content":{"rendered":"<p>CONSOLATI DI CARRIERA<\/p>\n<p><strong>Consolato Generale d&#8217;Italia a Caracas<\/strong>\u00a0(<a href=\"https:\/\/conscaracas.esteri.it\/\"><strong>https:\/\/conscaracas.esteri.it<\/strong><\/a>), la cui circoscrizione territoriale comprende il territorio della Repubblica Bolivariana del Venezuela (eccettuati gli stati di Zulia, M\u00e9rida, T\u00e1chira, Trujillo, Falc\u00f3n), i territori britannici di Monserrat e Anguilla.<\/p>\n<p><strong>Consolato d&#8217;Italia a Maracaibo<\/strong>\u00a0(<strong><a href=\"https:\/\/consmaracaibo.esteri.it\/\">https:\/\/consmaracaibo.esteri.it<\/a><\/strong>), la cui circoscrizione territoriale comprende il territorio della Repubblica Bolivariana del Venezuela (gli stati di Zulia, M\u00e9rida, T\u00e1chira, Trujillo, Falc\u00f3n), e le isole Aruba, Cura\u00e7ao e Bonaire.<\/p>\n<p>RETE CONSOLARE ONORARIA<\/p>\n<p>Per tutte le informazioni ed i riferimenti concernenti la\u00a0<strong>Rete Consolare Onoraria<\/strong>\u00a0dipendente dai Consolati di Carriera si prega consultare le relative pagine curate dal\u00a0<strong><a href=\"https:\/\/conscaracas.esteri.it\/consolato_caracas\/it\/il_consolato\/la_rete_consolare\/la-rete-consolare.html\">Consolato Generale d&#8217;Italia a Caracas<\/a><\/strong>\u00a0e dal\u00a0<strong><a href=\"https:\/\/consmaracaibo.esteri.it\/consolato_maracaibo\/it\/il_consolato\/la_rete_consolare\/la-rete-consolare.html\">Consolato d&#8217;Italia a Maracaibo<\/a><\/strong>.<\/p>\n","protected":false},"excerpt":{"rendered":"CONSOLATI DI CARRIERA Consolato Generale d&#8217;Italia a Caracas\u00a0(https:\/\/conscaracas.esteri.it), la cui circoscrizione territoriale comprende il territorio della Repubblica Bolivariana del Venezuela (eccettuati gli stati di Zulia, M\u00e9rida, T\u00e1chira, Trujillo, Falc\u00f3n), i territori britannici di Monserrat e Anguilla. Consolato d&#8217;Italia a Maracaibo\u00a0(https:\/\/consmaracaibo.esteri.it), la cui circoscrizione territoriale comprende il territorio della Repubblica Bolivariana del Venezuela (gli stati di [&hellip;]","protected":false},"author":1,"featured_media":0,"parent":13,"menu_order":8,"comment_status":"closed","ping_status":"closed","template":"","meta":{"footnotes":""},"class_list":["post-42","page","type-page","status-publish","hentry"],"_links":{"self":[{"href":"https:\/\/ambcaracas.esteri.it\/it\/wp-json\/wp\/v2\/pages\/42","targetHints":{"allow":["GET"]}}],"collection":[{"href":"https:\/\/ambcaracas.esteri.it\/it\/wp-json\/wp\/v2\/pages"}],"about":[{"href":"https:\/\/ambcaracas.esteri.it\/it\/wp-json\/wp\/v2\/types\/page"}],"author":[{"embeddable":true,"href":"https:\/\/ambcaracas.esteri.it\/it\/wp-json\/wp\/v2\/users\/1"}],"replies":[{"embeddable":true,"href":"https:\/\/ambcaracas.esteri.it\/it\/wp-json\/wp\/v2\/comments?post=42"}],"version-history":[{"count":3,"href":"https:\/\/ambcaracas.esteri.it\/it\/wp-json\/wp\/v2\/pages\/42\/revisions"}],"predecessor-version":[{"id":244,"href":"https:\/\/ambcaracas.esteri.it\/it\/wp-json\/wp\/v2\/pages\/42\/revisions\/244"}],"up":[{"embeddable":true,"href":"https:\/\/ambcaracas.esteri.it\/it\/wp-json\/wp\/v2\/pages\/13"}],"wp:attachment":[{"href":"https:\/\/ambcaracas.esteri.it\/it\/wp-json\/wp\/v2\/media?parent=42"}],"curies":[{"name":"wp","href":"https:\/\/api.w.org\/{rel}","templated":true}]}}