{"id":168,"date":"2023-04-11T17:08:52","date_gmt":"2023-04-11T21:08:52","guid":{"rendered":"https:\/\/ambcaracas.esteri.it\/italia-e-venezuela\/"},"modified":"2023-11-07T10:45:15","modified_gmt":"2023-11-07T14:45:15","slug":"italia-e-venezuela","status":"publish","type":"page","link":"https:\/\/ambcaracas.esteri.it\/es\/italia-e-venezuela\/","title":{"rendered":"Italia y Venezuela"},"content":{"rendered":"<p>La presencia italiana en Venezuela remonta a tiempos muy lejanos: fue Crist\u00f3bal Col\u00f3n , durante su tercer viaje, a descubrir el pa\u00eds.<\/p>\n<p>Al florentino Am\u00e9rico Vespucio se debe, en cambio, el nombre de Venezuela, \u201cPeque\u00f1a Venecia\u201d: los palafitos de los ind\u00edgenas, a lo largo de las costas de Maracaibo, hicieron recordar al grande navegador las viviendas sobre el agua de la ciudad italiana.<\/p>\n<p>Las relaciones oficiales entre los dos pa\u00edses empezaron en el mes de marzo de 1856, con la apertura de un Consulado de Venezuela en la ciudad de N\u00e1poles. En 1857 se instituy\u00f3 la primera legaci\u00f3n consular italiana en Venezuela, con sede en Maracaibo y, en 1859, una segunda sede fue inaugurada en La Guaira, con el fin de acoger en Venezuela a los emigrantes del Reino de las Dos Sicilias.<\/p>\n<p>Con la constituci\u00f3n del Reino de Italia, en 1861, bajo el mando del rey Vittorio Emanuele II, se suscribi\u00f3 entre los dos pa\u00edses el Tratado de amistad, comercio y navegaci\u00f3n.<\/p>\n<p>Sin embargo, la presencia italiana en Venezuela asumi\u00f3 una verdadera consistencia s\u00f3lo a partir de los primeros a\u00f1os del siglo XX, en particular despu\u00e9s de la Segunda Guerra Mundial, gracias a las posibilidades ofrecidas por la llamada \u201crenta petrolera\u201d.<\/p>\n<p>Hoy en d\u00eda se encuentran en Venezuela aproximadamente 160.000 compatriotas, registrados en los dos Consulados italianos (Caracas y Maracaibo), la mayor\u00eda de los cuales posee doble nacionalidad; se estima, adem\u00e1s, que existan m\u00e1s de un mill\u00f3n y medio de venezolanos con ascendencia italiana. Los flujos de inmigraci\u00f3n m\u00e1s numerosos proceden del Centro y del Sur de Italia, de Regiones tales como Campania, Sicilia, Abruzzo y Puglia.<\/p>\n<p>La Comunidad italiana se encuentra plenamente integrada en el contexto venezolano y, desde su comienzo, el proceso de arraigamiento y de incorporaci\u00f3n a la sociedad ha sido favorablemente impulsado por las autoridades locales.<\/p>\n","protected":false},"excerpt":{"rendered":"La presencia italiana en Venezuela remonta a tiempos muy lejanos: fue Crist\u00f3bal Col\u00f3n , durante su tercer viaje, a descubrir el pa\u00eds. Al florentino Am\u00e9rico Vespucio se debe, en cambio, el nombre de Venezuela, \u201cPeque\u00f1a Venecia\u201d: los palafitos de los ind\u00edgenas, a lo largo de las costas de Maracaibo, hicieron recordar al grande navegador las [&hellip;]","protected":false},"author":1,"featured_media":0,"parent":0,"menu_order":4,"comment_status":"closed","ping_status":"closed","template":"","meta":{"footnotes":""},"class_list":["post-168","page","type-page","status-publish","hentry"],"_links":{"self":[{"href":"https:\/\/ambcaracas.esteri.it\/es\/wp-json\/wp\/v2\/pages\/168","targetHints":{"allow":["GET"]}}],"collection":[{"href":"https:\/\/ambcaracas.esteri.it\/es\/wp-json\/wp\/v2\/pages"}],"about":[{"href":"https:\/\/ambcaracas.esteri.it\/es\/wp-json\/wp\/v2\/types\/page"}],"author":[{"embeddable":true,"href":"https:\/\/ambcaracas.esteri.it\/es\/wp-json\/wp\/v2\/users\/1"}],"replies":[{"embeddable":true,"href":"https:\/\/ambcaracas.esteri.it\/es\/wp-json\/wp\/v2\/comments?post=168"}],"version-history":[{"count":2,"href":"https:\/\/ambcaracas.esteri.it\/es\/wp-json\/wp\/v2\/pages\/168\/revisions"}],"predecessor-version":[{"id":295,"href":"https:\/\/ambcaracas.esteri.it\/es\/wp-json\/wp\/v2\/pages\/168\/revisions\/295"}],"wp:attachment":[{"href":"https:\/\/ambcaracas.esteri.it\/es\/wp-json\/wp\/v2\/media?parent=168"}],"curies":[{"name":"wp","href":"https:\/\/api.w.org\/{rel}","templated":true}]}}