{"id":167,"date":"2023-04-11T18:08:31","date_gmt":"2023-04-11T22:08:31","guid":{"rendered":"https:\/\/ambcaracas.esteri.it\/chi-siamo\/la-rete-consolare\/"},"modified":"2023-11-07T10:43:45","modified_gmt":"2023-11-07T14:43:45","slug":"la-rete-consolare","status":"publish","type":"page","link":"https:\/\/ambcaracas.esteri.it\/es\/chi-siamo\/la-rete-consolare\/","title":{"rendered":"La Red Consular"},"content":{"rendered":"<p>CONSULADOS DE CARRERA<\/p>\n<p><strong>Consulado General de Italia en Caracas<\/strong> (<a href=\"https:\/\/conscaracas.esteri.it\"><strong>https:\/\/conscaracas.esteri.it<\/strong><\/a>), cuya circunscripci\u00f3n consular incluye el territorio de la Rep\u00fablica Bolivariana de Venezuela (a excepci\u00f3n de los siguientes estados: Zulia, M\u00e9rida, T\u00e1chira, Trujillo, Falc\u00f3n), los territorios brit\u00e1nicos de Monserrat y Anguilla.<\/p>\n<p><strong>Consulado de Italia en Maracaibo<\/strong> (<strong><a href=\"https:\/\/consmaracaibo.esteri.it\">https:\/\/consmaracaibo.esteri.it<\/a><\/strong>), cuya circunscripci\u00f3n consular comprende los estados Zulia, M\u00e9rida, T\u00e1chira, Trujillo, Falcon, y las islas de Aruba, Curazao y Bonaire.<\/p>\n<p>RED CONSULAR HONORARIA<\/p>\n<p>Para todas las informaciones y los contactos de la <strong>Red Consular Honoraria<\/strong> dependiente de los Consulados de Carrera se ruega consultar las relativas paginas web actualizadas por parte del <a href=\"https:\/\/conscaracas.esteri.it\/consolato_caracas\/es\/il_consolato\/la_rete_consolare\"><strong>Consulado General de Italia en Caracas<\/strong><\/a> y por parte del<strong> <a href=\"https:\/\/consmaracaibo.esteri.it\/consolato_maracaibo\/es\/il_consolato\/la_rete_consolare\">Consulado de Italia en Maracaibo<\/a>.<\/strong><\/p>\n","protected":false},"excerpt":{"rendered":"CONSULADOS DE CARRERA Consulado General de Italia en Caracas (https:\/\/conscaracas.esteri.it), cuya circunscripci\u00f3n consular incluye el territorio de la Rep\u00fablica Bolivariana de Venezuela (a excepci\u00f3n de los siguientes estados: Zulia, M\u00e9rida, T\u00e1chira, Trujillo, Falc\u00f3n), los territorios brit\u00e1nicos de Monserrat y Anguilla. Consulado de Italia en Maracaibo (https:\/\/consmaracaibo.esteri.it), cuya circunscripci\u00f3n consular comprende los estados Zulia, M\u00e9rida, T\u00e1chira, [&hellip;]","protected":false},"author":1,"featured_media":0,"parent":144,"menu_order":8,"comment_status":"closed","ping_status":"closed","template":"","meta":{"footnotes":""},"class_list":["post-167","page","type-page","status-publish","hentry"],"_links":{"self":[{"href":"https:\/\/ambcaracas.esteri.it\/es\/wp-json\/wp\/v2\/pages\/167","targetHints":{"allow":["GET"]}}],"collection":[{"href":"https:\/\/ambcaracas.esteri.it\/es\/wp-json\/wp\/v2\/pages"}],"about":[{"href":"https:\/\/ambcaracas.esteri.it\/es\/wp-json\/wp\/v2\/types\/page"}],"author":[{"embeddable":true,"href":"https:\/\/ambcaracas.esteri.it\/es\/wp-json\/wp\/v2\/users\/1"}],"replies":[{"embeddable":true,"href":"https:\/\/ambcaracas.esteri.it\/es\/wp-json\/wp\/v2\/comments?post=167"}],"version-history":[{"count":2,"href":"https:\/\/ambcaracas.esteri.it\/es\/wp-json\/wp\/v2\/pages\/167\/revisions"}],"predecessor-version":[{"id":292,"href":"https:\/\/ambcaracas.esteri.it\/es\/wp-json\/wp\/v2\/pages\/167\/revisions\/292"}],"up":[{"embeddable":true,"href":"https:\/\/ambcaracas.esteri.it\/es\/wp-json\/wp\/v2\/pages\/144"}],"wp:attachment":[{"href":"https:\/\/ambcaracas.esteri.it\/es\/wp-json\/wp\/v2\/media?parent=167"}],"curies":[{"name":"wp","href":"https:\/\/api.w.org\/{rel}","templated":true}]}}