{"id":166,"date":"2023-04-11T18:07:19","date_gmt":"2023-04-11T22:07:19","guid":{"rendered":"https:\/\/ambcaracas.esteri.it\/chi-siamo\/numeri-di-emergenza\/"},"modified":"2024-03-01T14:11:44","modified_gmt":"2024-03-01T18:11:44","slug":"numeri-di-emergenza","status":"publish","type":"page","link":"https:\/\/ambcaracas.esteri.it\/es\/chi-siamo\/numeri-di-emergenza\/","title":{"rendered":"N\u00fameros de emergencia"},"content":{"rendered":"<p>Fuera del horario de oficina y en los d\u00edas festivos, s\u00f3lo para asuntos de comprobada emergencia, urgentes e impostergables, es posible llamar al celular de emergencia.<\/p>\n<p><strong>Cellular de Emergencia de la Embajada de Italia<\/strong>:\u00a0+58 (0) 414 272 3600<br \/>\n<strong><br \/>\nCelular de Emergencia del Consulado General en Caracas<\/strong>: +58 (0) 414 210 1699<\/p>\n<p><strong>Celular de Emergencia del Consulado en Maracaibo<\/strong>: +58 (0) 424 662 6032<\/p>\n","protected":false},"excerpt":{"rendered":"Fuera del horario de oficina y en los d\u00edas festivos, s\u00f3lo para asuntos de comprobada emergencia, urgentes e impostergables, es posible llamar al celular de emergencia. Cellular de Emergencia de la Embajada de Italia:\u00a0+58 (0) 414 272 3600 Celular de Emergencia del Consulado General en Caracas: +58 (0) 414 210 1699 Celular de Emergencia del [&hellip;]","protected":false},"author":1,"featured_media":0,"parent":144,"menu_order":6,"comment_status":"closed","ping_status":"closed","template":"","meta":{"footnotes":""},"class_list":["post-166","page","type-page","status-publish","hentry"],"_links":{"self":[{"href":"https:\/\/ambcaracas.esteri.it\/es\/wp-json\/wp\/v2\/pages\/166","targetHints":{"allow":["GET"]}}],"collection":[{"href":"https:\/\/ambcaracas.esteri.it\/es\/wp-json\/wp\/v2\/pages"}],"about":[{"href":"https:\/\/ambcaracas.esteri.it\/es\/wp-json\/wp\/v2\/types\/page"}],"author":[{"embeddable":true,"href":"https:\/\/ambcaracas.esteri.it\/es\/wp-json\/wp\/v2\/users\/1"}],"replies":[{"embeddable":true,"href":"https:\/\/ambcaracas.esteri.it\/es\/wp-json\/wp\/v2\/comments?post=166"}],"version-history":[{"count":3,"href":"https:\/\/ambcaracas.esteri.it\/es\/wp-json\/wp\/v2\/pages\/166\/revisions"}],"predecessor-version":[{"id":1673,"href":"https:\/\/ambcaracas.esteri.it\/es\/wp-json\/wp\/v2\/pages\/166\/revisions\/1673"}],"up":[{"embeddable":true,"href":"https:\/\/ambcaracas.esteri.it\/es\/wp-json\/wp\/v2\/pages\/144"}],"wp:attachment":[{"href":"https:\/\/ambcaracas.esteri.it\/es\/wp-json\/wp\/v2\/media?parent=166"}],"curies":[{"name":"wp","href":"https:\/\/api.w.org\/{rel}","templated":true}]}}