{"id":165,"date":"2023-04-11T18:01:19","date_gmt":"2023-04-11T22:01:19","guid":{"rendered":"https:\/\/ambcaracas.esteri.it\/chi-siamo\/gli-uffici\/"},"modified":"2026-02-05T05:13:02","modified_gmt":"2026-02-05T09:13:02","slug":"gli-uffici","status":"publish","type":"page","link":"https:\/\/ambcaracas.esteri.it\/es\/chi-siamo\/gli-uffici\/","title":{"rendered":"Las oficinas"},"content":{"rendered":"<p><strong>Jefe de Misi\u00f3n<\/strong><br \/>\nEmbajador Giovanni Umberto DE VITO<\/p>\n<p><a href=\"mailto:seg.ambcaracas@esteri.it\">seg.ambcaracas@esteri.it<\/a><\/p>\n<p><strong>Vice Jefe de Misi\u00f3n (Oficina Politica, Coordinaci\u00f3n Consular y Derechos Humanos)<\/strong><br \/>\nConsejero Antonio POLETTI<br \/>\n<a href=\"mailto:seg.ambcaracas@esteri.it\">seg.ambcaracas@esteri.it<\/a><\/p>\n<p><strong>Oficina Comercial, Cooperaci\u00f2n y Instituto Italiano de Cultura<\/strong><br \/>\nVacante<\/p>\n<p><strong>Oficina Administrativa<\/strong><\/p>\n<p><a href=\"mailto:cont.ambcaracas@esteri.it\">cont.ambcaracas@esteri.it<\/a><br \/>\n<a href=\"mailto:contabilita.ambcaracas@esteri.it\"><br \/>\n<\/a><strong>Oficina del Experto para la Seguridad<\/strong><\/p>\n<p><strong>Oficina del Agregado Militar (Lima, Per\u00fa)<\/strong><br \/>\nTel. <span class=\"baec5a81-e4d6-4674-97f3-e9220f0136c1\">+51 144 222000<\/span><br \/>\n<a href=\"mailto:difeitalia.lima@smd.difesa.it\">difeitalia.lima@smd.difesa.it<\/a><\/p>\n","protected":false},"excerpt":{"rendered":"Jefe de Misi\u00f3n Embajador Giovanni Umberto DE VITO seg.ambcaracas@esteri.it Vice Jefe de Misi\u00f3n (Oficina Politica, Coordinaci\u00f3n Consular y Derechos Humanos) Consejero Antonio POLETTI seg.ambcaracas@esteri.it Oficina Comercial, Cooperaci\u00f2n y Instituto Italiano de Cultura Vacante Oficina Administrativa cont.ambcaracas@esteri.it Oficina del Experto para la Seguridad Oficina del Agregado Militar (Lima, Per\u00fa) Tel. +51 144 222000 difeitalia.lima@smd.difesa.it","protected":false},"author":1,"featured_media":0,"parent":144,"menu_order":4,"comment_status":"closed","ping_status":"closed","template":"","meta":{"footnotes":""},"class_list":["post-165","page","type-page","status-publish","hentry"],"_links":{"self":[{"href":"https:\/\/ambcaracas.esteri.it\/es\/wp-json\/wp\/v2\/pages\/165","targetHints":{"allow":["GET"]}}],"collection":[{"href":"https:\/\/ambcaracas.esteri.it\/es\/wp-json\/wp\/v2\/pages"}],"about":[{"href":"https:\/\/ambcaracas.esteri.it\/es\/wp-json\/wp\/v2\/types\/page"}],"author":[{"embeddable":true,"href":"https:\/\/ambcaracas.esteri.it\/es\/wp-json\/wp\/v2\/users\/1"}],"replies":[{"embeddable":true,"href":"https:\/\/ambcaracas.esteri.it\/es\/wp-json\/wp\/v2\/comments?post=165"}],"version-history":[{"count":6,"href":"https:\/\/ambcaracas.esteri.it\/es\/wp-json\/wp\/v2\/pages\/165\/revisions"}],"predecessor-version":[{"id":2732,"href":"https:\/\/ambcaracas.esteri.it\/es\/wp-json\/wp\/v2\/pages\/165\/revisions\/2732"}],"up":[{"embeddable":true,"href":"https:\/\/ambcaracas.esteri.it\/es\/wp-json\/wp\/v2\/pages\/144"}],"wp:attachment":[{"href":"https:\/\/ambcaracas.esteri.it\/es\/wp-json\/wp\/v2\/media?parent=165"}],"curies":[{"name":"wp","href":"https:\/\/api.w.org\/{rel}","templated":true}]}}