{"id":163,"date":"2023-04-11T17:53:01","date_gmt":"2023-04-11T21:53:01","guid":{"rendered":"https:\/\/ambcaracas.esteri.it\/chi-siamo\/lambasciatore\/"},"modified":"2023-11-30T12:09:37","modified_gmt":"2023-11-30T16:09:37","slug":"lambasciatore","status":"publish","type":"page","link":"https:\/\/ambcaracas.esteri.it\/es\/chi-siamo\/lambasciatore\/","title":{"rendered":"El embajador"},"content":{"rendered":"<p><strong>Embajador de Italia GIOVANNI UMBERTO DE VITO<\/strong><\/p>\n<p>Nacido en Villafranca Veronese (Verona) en noviembre de 1960<\/p>\n<p><strong>Formaci\u00f3n<\/strong><\/p>\n<ul>\n<li>Licenciado en Ciencias Pol\u00edticas, Universidad de Padua (1983)<\/li>\n<li>Postgrado en Relaciones Internacionales, Universidad de Padua (1983 &#8211; 1984)<\/li>\n<li>Escuela Nacional de Administraci\u00f3n\/E.N.A., Par\u00eds (1986 &#8211; 1987).<\/li>\n<\/ul>\n<p><strong>Actividad profesional<\/strong><\/p>\n<ul>\n<li>Embajador de Italia en Dakar (2020 &#8211; 2023), acreditado tambi\u00e9n en Mal\u00ed (hasta agosto de 2021), Gambia, Guinea Bissau y Cabo Verde<\/li>\n<li>Embajador de Italia en Malta (2013 &#8211; 2017).<\/li>\n<li>Ingres\u00f3 en la carrera diplom\u00e1tica en febrero de 1985, primeros destinos en la Direcci\u00f3n General de Asuntos Econ\u00f3micos (Relaciones Exteriores de la Comunidad Europea, preparaci\u00f3n de las negociaciones comerciales de la Ronda Uruguay).<\/li>\n<li>Primer Secretario en la Embajada de Italia en Tel Aviv, durante la Intifada y la primera Guerra del Golfo (1989 &#8211; 1992)<\/li>\n<li>C\u00f3nsul en Francia, en Burdeos y luego en Toulouse (1992 &#8211; 1996)<\/li>\n<li>Miembro del Gabinete del Ministro de Asuntos Exteriores Lamberto Dini (1997 &#8211; 1999), como funcionario encargado de preparar la documentaci\u00f3n para sus reuniones, visitas al extranjero y discursos.<\/li>\n<li>Posteriormente fue destinado como Primer Consejero a la Representaci\u00f3n Permanente de Italia ante las Naciones Unidas en Nueva York. Hasta el verano de 2004, desempe\u00f1\u00f3 m\u00faltiples responsabilidades en el \u00e1mbito pol\u00edtico: reforma del Consejo de Seguridad, <em>peacekeeping\/peacebuilding<\/em>, Afganist\u00e1n, Corea del Norte\/no proliferaci\u00f3n, coordinaci\u00f3n pol\u00edtica europea. Form\u00f3 parte de la delegaci\u00f3n italiana en la Cumbre del Milenio de la ONU.<\/li>\n<li>Representante Permanente Adjunto en Ginebra ante la Organizaci\u00f3n Mundial del Comercio\/OMC (2004 &#8211; 2006). Responsable de las negociaciones comerciales de la ronda de Doha y de todo el sector econ\u00f3mico-desarrollo-propiedad intelectual (Foro Econ\u00f3mico Mundial de Davos \/ UNCTAD \/ OMPI). Form\u00f3 parte de la delegaci\u00f3n italiana en la Conferencia Ministerial de la OMC en Hong Kong y promovi\u00f3 numerosas iniciativas sobre la protecci\u00f3n de las Indicaciones Geogr\u00e1ficas.<\/li>\n<li>Coordinador de las Naciones Unidas en la Direcci\u00f3n General de Cooperaci\u00f3n Pol\u00edtica Multilateral, responsable en particular de la participaci\u00f3n italiana en el Consejo de Seguridad como miembro no permanente (2007 &#8211; 2008).<\/li>\n<li>Enviado Especial del Ministro de Asuntos Exteriores para la reforma del Consejo de Seguridad de las Naciones Unidas (2008 &#8211; 2010).<\/li>\n<li>Asesor diplom\u00e1tico del Ministro de Agricultura, Alimentaci\u00f3n, Bosques y Turismo (2019 &#8211; 2020) y anteriormente en el per\u00edodo 2010 &#8211; 2013.<\/li>\n<li>Coordinador de las pol\u00edticas de internacionalizaci\u00f3n de las industrias agroalimentarias y Enviado de Italia para las negociaciones multilaterales sobre alimentaci\u00f3n y nutrici\u00f3n (2017 &#8211; 2019).<\/li>\n<\/ul>\n<p><strong>Nombramientos<\/strong><\/p>\n<ul>\n<li>&#8211; Miembro del Consejo de Gobierno de la SIOI \/ Sociedad Italiana para la Organizaci\u00f3n Internacional (2007 &#8211; 2010)<\/li>\n<li>&#8211; Invitado permanente al Consejo de Administraci\u00f3n de la Comisi\u00f3n Nacional para la UNESCO (2010 &#8211; 2013)<\/li>\n<li>&#8211; Miembro italiano del Consejo del Instituto Internacional para la Justicia y el Estado de Derecho (Malta, 2014 &#8211; 2017).<\/li>\n<\/ul>\n","protected":false},"excerpt":{"rendered":"Embajador de Italia GIOVANNI UMBERTO DE VITO Nacido en Villafranca Veronese (Verona) en noviembre de 1960 Formaci\u00f3n Licenciado en Ciencias Pol\u00edticas, Universidad de Padua (1983) Postgrado en Relaciones Internacionales, Universidad de Padua (1983 &#8211; 1984) Escuela Nacional de Administraci\u00f3n\/E.N.A., Par\u00eds (1986 &#8211; 1987). Actividad profesional Embajador de Italia en Dakar (2020 &#8211; 2023), acreditado tambi\u00e9n [&hellip;]","protected":false},"author":1,"featured_media":0,"parent":144,"menu_order":0,"comment_status":"closed","ping_status":"closed","template":"","meta":{"footnotes":""},"class_list":["post-163","page","type-page","status-publish","hentry"],"_links":{"self":[{"href":"https:\/\/ambcaracas.esteri.it\/es\/wp-json\/wp\/v2\/pages\/163","targetHints":{"allow":["GET"]}}],"collection":[{"href":"https:\/\/ambcaracas.esteri.it\/es\/wp-json\/wp\/v2\/pages"}],"about":[{"href":"https:\/\/ambcaracas.esteri.it\/es\/wp-json\/wp\/v2\/types\/page"}],"author":[{"embeddable":true,"href":"https:\/\/ambcaracas.esteri.it\/es\/wp-json\/wp\/v2\/users\/1"}],"replies":[{"embeddable":true,"href":"https:\/\/ambcaracas.esteri.it\/es\/wp-json\/wp\/v2\/comments?post=163"}],"version-history":[{"count":2,"href":"https:\/\/ambcaracas.esteri.it\/es\/wp-json\/wp\/v2\/pages\/163\/revisions"}],"predecessor-version":[{"id":1582,"href":"https:\/\/ambcaracas.esteri.it\/es\/wp-json\/wp\/v2\/pages\/163\/revisions\/1582"}],"up":[{"embeddable":true,"href":"https:\/\/ambcaracas.esteri.it\/es\/wp-json\/wp\/v2\/pages\/144"}],"wp:attachment":[{"href":"https:\/\/ambcaracas.esteri.it\/es\/wp-json\/wp\/v2\/media?parent=163"}],"curies":[{"name":"wp","href":"https:\/\/api.w.org\/{rel}","templated":true}]}}