{"id":162,"date":"2023-04-11T17:08:57","date_gmt":"2023-04-11T21:08:57","guid":{"rendered":"https:\/\/ambcaracas.esteri.it\/servizi-consolari-e-visti\/"},"modified":"2023-11-10T07:44:33","modified_gmt":"2023-11-10T11:44:33","slug":"servizi-consolari-e-visti","status":"publish","type":"page","link":"https:\/\/ambcaracas.esteri.it\/es\/servizi-consolari-e-visti\/","title":{"rendered":"Servicios Consulares y Visas"},"content":{"rendered":"<p>Los servicios consulares son prestados seg\u00fan los principios de igualdad, imparcialidad, eficiencia y transparencia.<\/p>\n<p>Los Consulados aseguran la debida tutela a todos los ciudadanos en caso de violaci\u00f3n de sus derechos fundamentales y de limitaci\u00f3n o privaci\u00f3n de su libertad personal. Adem\u00e1s aseguran asistencia en los casos de emergencia, para la b\u00fasqueda de familiares, para los expedientes de sucesi\u00f3n abiertos en el exterior y para el repatrio de los restos mortales.<\/p>\n<p>Para mayores informaciones sobre las modalidades de los servicios prestados, se ruega contactar al <a href=\"https:\/\/conscaracas.esteri.it\/es\/\">Consulado General de Italia en Caracas<\/a> o al <a href=\"https:\/\/consmaracaibo.esteri.it\/es\/\">Consulado de Italia en Maracaibo<\/a>, de acuerdo con la circunscripci\u00f3n territorial de competencia.<\/p>\n","protected":false},"excerpt":{"rendered":"Los servicios consulares son prestados seg\u00fan los principios de igualdad, imparcialidad, eficiencia y transparencia. Los Consulados aseguran la debida tutela a todos los ciudadanos en caso de violaci\u00f3n de sus derechos fundamentales y de limitaci\u00f3n o privaci\u00f3n de su libertad personal. Adem\u00e1s aseguran asistencia en los casos de emergencia, para la b\u00fasqueda de familiares, para [&hellip;]","protected":false},"author":1,"featured_media":0,"parent":0,"menu_order":6,"comment_status":"closed","ping_status":"closed","template":"","meta":{"footnotes":""},"class_list":["post-162","page","type-page","status-publish","hentry"],"_links":{"self":[{"href":"https:\/\/ambcaracas.esteri.it\/es\/wp-json\/wp\/v2\/pages\/162","targetHints":{"allow":["GET"]}}],"collection":[{"href":"https:\/\/ambcaracas.esteri.it\/es\/wp-json\/wp\/v2\/pages"}],"about":[{"href":"https:\/\/ambcaracas.esteri.it\/es\/wp-json\/wp\/v2\/types\/page"}],"author":[{"embeddable":true,"href":"https:\/\/ambcaracas.esteri.it\/es\/wp-json\/wp\/v2\/users\/1"}],"replies":[{"embeddable":true,"href":"https:\/\/ambcaracas.esteri.it\/es\/wp-json\/wp\/v2\/comments?post=162"}],"version-history":[{"count":3,"href":"https:\/\/ambcaracas.esteri.it\/es\/wp-json\/wp\/v2\/pages\/162\/revisions"}],"predecessor-version":[{"id":410,"href":"https:\/\/ambcaracas.esteri.it\/es\/wp-json\/wp\/v2\/pages\/162\/revisions\/410"}],"wp:attachment":[{"href":"https:\/\/ambcaracas.esteri.it\/es\/wp-json\/wp\/v2\/media?parent=162"}],"curies":[{"name":"wp","href":"https:\/\/api.w.org\/{rel}","templated":true}]}}