{"id":155,"date":"2023-04-11T18:10:45","date_gmt":"2023-04-11T22:10:45","guid":{"rendered":"https:\/\/ambcaracas.esteri.it\/diplomazia-culturale\/"},"modified":"2023-11-08T14:40:12","modified_gmt":"2023-11-08T18:40:12","slug":"diplomazia-culturale","status":"publish","type":"page","link":"https:\/\/ambcaracas.esteri.it\/es\/italia-e-venezuela\/diplomazia-culturale\/","title":{"rendered":"Diplomacia cultural"},"content":{"rendered":"<p>Los acuerdos de cooperaci\u00f3n cultural prev\u00e9n una intensa colaboraci\u00f3n en el \u00e1mbito art\u00edstico entre Organismos y Asociaciones, en los sectores de la m\u00fasica, danza, artes visuales, teatro y cinema, a trav\u00e9s de la realizaci\u00f3n de proyectos comunes, intercambio de artistas y de la rec\u00edproca participaci\u00f3n a exposiciones, rese\u00f1as cinematogr\u00e1ficas, espect\u00e1culos y festivales.<\/p>\n<p>La ense\u00f1anza del idioma italiano est\u00e1 garantizada por la presencia de numerosas escuelas e instituciones privadas venezolanas en las cuales son activos cursos de idioma y de literatura italiana.<\/p>\n<p>La promoci\u00f3n de la colaboraci\u00f3n interuniversitaria representa otro de los objetivos principales de la actividad del Gobierno italiano en Venezuela. En efecto, muchas convenciones para el intercambio cultural y did\u00e1ctico se mantienen vigentes entre las principales Universidades venezolanas y los Ateneos italianos y pueden ser consultadas en la <a href=\"http:\/\/accordi-internazionali.cineca.it\/\">plataforma interactiva CINECA<\/a>.<\/p>\n<p>La actividad cultural es desarrollada, en particular, por el Instituto Italiano de Cultura ubicado en Caracas, que opera bajo la coordinaci\u00f3n de la Embajada. Para informaciones m\u00e1s detalladas al respecto, consultar la p\u00e1gina del <a href=\"https:\/\/iiccaracas.esteri.it\/iic_caracas\/es\/\">Istituto Italiano di Cultura<\/a>.<\/p>\n","protected":false},"excerpt":{"rendered":"Los acuerdos de cooperaci\u00f3n cultural prev\u00e9n una intensa colaboraci\u00f3n en el \u00e1mbito art\u00edstico entre Organismos y Asociaciones, en los sectores de la m\u00fasica, danza, artes visuales, teatro y cinema, a trav\u00e9s de la realizaci\u00f3n de proyectos comunes, intercambio de artistas y de la rec\u00edproca participaci\u00f3n a exposiciones, rese\u00f1as cinematogr\u00e1ficas, espect\u00e1culos y festivales. La ense\u00f1anza del [&hellip;]","protected":false},"author":1,"featured_media":0,"parent":168,"menu_order":2,"comment_status":"closed","ping_status":"closed","template":"","meta":{"footnotes":""},"class_list":["post-155","page","type-page","status-publish","hentry"],"_links":{"self":[{"href":"https:\/\/ambcaracas.esteri.it\/es\/wp-json\/wp\/v2\/pages\/155","targetHints":{"allow":["GET"]}}],"collection":[{"href":"https:\/\/ambcaracas.esteri.it\/es\/wp-json\/wp\/v2\/pages"}],"about":[{"href":"https:\/\/ambcaracas.esteri.it\/es\/wp-json\/wp\/v2\/types\/page"}],"author":[{"embeddable":true,"href":"https:\/\/ambcaracas.esteri.it\/es\/wp-json\/wp\/v2\/users\/1"}],"replies":[{"embeddable":true,"href":"https:\/\/ambcaracas.esteri.it\/es\/wp-json\/wp\/v2\/comments?post=155"}],"version-history":[{"count":3,"href":"https:\/\/ambcaracas.esteri.it\/es\/wp-json\/wp\/v2\/pages\/155\/revisions"}],"predecessor-version":[{"id":395,"href":"https:\/\/ambcaracas.esteri.it\/es\/wp-json\/wp\/v2\/pages\/155\/revisions\/395"}],"up":[{"embeddable":true,"href":"https:\/\/ambcaracas.esteri.it\/es\/wp-json\/wp\/v2\/pages\/168"}],"wp:attachment":[{"href":"https:\/\/ambcaracas.esteri.it\/es\/wp-json\/wp\/v2\/media?parent=155"}],"curies":[{"name":"wp","href":"https:\/\/api.w.org\/{rel}","templated":true}]}}