{"id":152,"date":"2023-04-11T18:10:30","date_gmt":"2023-04-11T22:10:30","guid":{"rendered":"https:\/\/ambcaracas.esteri.it\/diplomazia-economica\/"},"modified":"2023-11-10T07:39:38","modified_gmt":"2023-11-10T11:39:38","slug":"diplomazia-economica","status":"publish","type":"page","link":"https:\/\/ambcaracas.esteri.it\/es\/italia-e-venezuela\/diplomazia-economica\/","title":{"rendered":"Diplomacia econ\u00f3mica"},"content":{"rendered":"<p>Las potencialidades econ\u00f3micas del pa\u00eds han impulsado algunas de las m\u00e1s importantes empresas italianas a invertir en Venezuela, particularmente en el sector petrolero, de la construcci\u00f3n, de los veh\u00edculos y agroalimentario. Junto a la presencia de los grandes grupos industriales (ENI, SAIPEM, Trevi, Nuovo Pignone, Ghella, Impregilo-Salini, Astaldi, Iveco, Pirelli y Parmalat) se registran numerosas empresas venezolanas que pertenecen a ciudadanos italianos o \u00edtalo-venezolanos, entre las cuales se encuentran algunas de las m\u00e1s grandes compa\u00f1\u00edas del pa\u00eds.<\/p>\n<p>En Venezuela es muy activa una <a href=\"http:\/\/www.cavenit.com\/\">C\u00e1mara de Comercio binacional<\/a> (CAVENIT), con una trayectoria de ya sesenta a\u00f1os, que<br \/>\nre\u00fane a m\u00e1s de 800 empresas, y que cuenta con varias secciones en las principales ciudades del pa\u00eds.<\/p>\n<p>La empresas venezolanas de propiedad italiana mantienen s\u00f3lidas relaciones comerciales con Italia, generando as\u00ed una buena parte de nuestro intercambio con Venezuela.<\/p>\n<p>Para mayores detalles, ver la p\u00e1gina internet <a href=\"http:\/\/www.infomercatiesteri.it\/paese.php?id_paesi=56\">Infomercatiesteri<\/a>.<\/p>\n<p>&nbsp;<\/p>\n","protected":false},"excerpt":{"rendered":"Las potencialidades econ\u00f3micas del pa\u00eds han impulsado algunas de las m\u00e1s importantes empresas italianas a invertir en Venezuela, particularmente en el sector petrolero, de la construcci\u00f3n, de los veh\u00edculos y agroalimentario. Junto a la presencia de los grandes grupos industriales (ENI, SAIPEM, Trevi, Nuovo Pignone, Ghella, Impregilo-Salini, Astaldi, Iveco, Pirelli y Parmalat) se registran numerosas [&hellip;]","protected":false},"author":1,"featured_media":0,"parent":168,"menu_order":0,"comment_status":"closed","ping_status":"closed","template":"","meta":{"footnotes":""},"class_list":["post-152","page","type-page","status-publish","hentry"],"_links":{"self":[{"href":"https:\/\/ambcaracas.esteri.it\/es\/wp-json\/wp\/v2\/pages\/152","targetHints":{"allow":["GET"]}}],"collection":[{"href":"https:\/\/ambcaracas.esteri.it\/es\/wp-json\/wp\/v2\/pages"}],"about":[{"href":"https:\/\/ambcaracas.esteri.it\/es\/wp-json\/wp\/v2\/types\/page"}],"author":[{"embeddable":true,"href":"https:\/\/ambcaracas.esteri.it\/es\/wp-json\/wp\/v2\/users\/1"}],"replies":[{"embeddable":true,"href":"https:\/\/ambcaracas.esteri.it\/es\/wp-json\/wp\/v2\/comments?post=152"}],"version-history":[{"count":3,"href":"https:\/\/ambcaracas.esteri.it\/es\/wp-json\/wp\/v2\/pages\/152\/revisions"}],"predecessor-version":[{"id":406,"href":"https:\/\/ambcaracas.esteri.it\/es\/wp-json\/wp\/v2\/pages\/152\/revisions\/406"}],"up":[{"embeddable":true,"href":"https:\/\/ambcaracas.esteri.it\/es\/wp-json\/wp\/v2\/pages\/168"}],"wp:attachment":[{"href":"https:\/\/ambcaracas.esteri.it\/es\/wp-json\/wp\/v2\/media?parent=152"}],"curies":[{"name":"wp","href":"https:\/\/api.w.org\/{rel}","templated":true}]}}