{"id":147,"date":"2023-09-25T15:18:30","date_gmt":"2023-09-25T19:18:30","guid":{"rendered":"https:\/\/ambcaracas.esteri.it\/chi-siamo\/contatti\/"},"modified":"2026-01-05T05:43:17","modified_gmt":"2026-01-05T09:43:17","slug":"contatti","status":"publish","type":"page","link":"https:\/\/ambcaracas.esteri.it\/es\/chi-siamo\/contatti\/","title":{"rendered":"Contactos"},"content":{"rendered":"<p><strong>Embajada de Italia\u00a0en Caracas<\/strong><\/p>\n<p>Calle Sorocaima &#8211; Edificio Atrium, P.H. (entre Avenidas Tamanaco y Venezuela)<br \/>\nEl Rosal &#8211; 1060 CARACAS<\/p>\n<p>Tel +58 (0) 414 272 3600<\/p>\n<p>Para m\u00e1s contactos telef\u00f3nicos y de correo electr\u00f3nico, favor consultar la p\u00e1gina de las <a title=\"Enlace a la p\u00e1gina de oficinas\" href=\"https:\/\/ambcaracas.esteri.it\/es\/chi-siamo\/gli-uffici\/\">oficinas<\/a>.<\/p>\n<p><strong>HORARIO DE ATENCI\u00d3N AL P\u00daBLICO<\/strong><\/p>\n<p>La Embajada de Italia en Caracas observa el siguiente horario de atenci\u00f3n al p\u00fablico: desde las 8.30 a las 13.30.<\/p>\n<p>La zona horaria en Venezuela es 5 horas menos de Italia o 6 horas durante la vigencia de la hora legal de verano en Italia.<\/p>\n<p><strong>D\u00cdAS FERIADOS EN EL A\u00d1O 2026<\/strong><\/p>\n<p>1\u00b0 de Enero &#8211; A\u00f1o Nuevo<br \/>\n6 de Abril &#8211; Lunes del \u00c1ngel<br \/>\n19\u00a0de Abril- D\u00eda de la Independencia de Venezuela<br \/>\n25 de Abril &#8211; Aniversario de la Liberaci\u00f3n de Italia<br \/>\n1\u00b0 de Mayo &#8211; Fiesta del Trabajo<br \/>\n2 de Junio &#8211; Fiesta Nacional de la Rep\u00fablica Italiana<br \/>\n5 de Julio &#8211; Fiesta Nacional de la Rep\u00fablica Bolivariana de Venezuela<br \/>\n15 de Agosto &#8211; Ferragosto<br \/>\n1\u00b0 de Noviembre &#8211; D\u00eda de Todos los Santos<br \/>\n25 de Diciembre &#8211; Navidad<br \/>\n26 de Diciembre &#8211; San Esteban<\/p>\n","protected":false},"excerpt":{"rendered":"Embajada de Italia\u00a0en Caracas Calle Sorocaima &#8211; Edificio Atrium, P.H. (entre Avenidas Tamanaco y Venezuela) El Rosal &#8211; 1060 CARACAS Tel +58 (0) 414 272 3600 Para m\u00e1s contactos telef\u00f3nicos y de correo electr\u00f3nico, favor consultar la p\u00e1gina de las oficinas. HORARIO DE ATENCI\u00d3N AL P\u00daBLICO La Embajada de Italia en Caracas observa el siguiente [&hellip;]","protected":false},"author":1,"featured_media":0,"parent":144,"menu_order":4,"comment_status":"closed","ping_status":"closed","template":"","meta":{"footnotes":""},"class_list":["post-147","page","type-page","status-publish","hentry"],"_links":{"self":[{"href":"https:\/\/ambcaracas.esteri.it\/es\/wp-json\/wp\/v2\/pages\/147","targetHints":{"allow":["GET"]}}],"collection":[{"href":"https:\/\/ambcaracas.esteri.it\/es\/wp-json\/wp\/v2\/pages"}],"about":[{"href":"https:\/\/ambcaracas.esteri.it\/es\/wp-json\/wp\/v2\/types\/page"}],"author":[{"embeddable":true,"href":"https:\/\/ambcaracas.esteri.it\/es\/wp-json\/wp\/v2\/users\/1"}],"replies":[{"embeddable":true,"href":"https:\/\/ambcaracas.esteri.it\/es\/wp-json\/wp\/v2\/comments?post=147"}],"version-history":[{"count":6,"href":"https:\/\/ambcaracas.esteri.it\/es\/wp-json\/wp\/v2\/pages\/147\/revisions"}],"predecessor-version":[{"id":2640,"href":"https:\/\/ambcaracas.esteri.it\/es\/wp-json\/wp\/v2\/pages\/147\/revisions\/2640"}],"up":[{"embeddable":true,"href":"https:\/\/ambcaracas.esteri.it\/es\/wp-json\/wp\/v2\/pages\/144"}],"wp:attachment":[{"href":"https:\/\/ambcaracas.esteri.it\/es\/wp-json\/wp\/v2\/media?parent=147"}],"curies":[{"name":"wp","href":"https:\/\/api.w.org\/{rel}","templated":true}]}}