{"id":144,"date":"2023-04-11T17:07:36","date_gmt":"2023-04-11T21:07:36","guid":{"rendered":"https:\/\/ambcaracas.esteri.it\/chi-siamo\/"},"modified":"2023-12-20T09:52:28","modified_gmt":"2023-12-20T13:52:28","slug":"chi-siamo","status":"publish","type":"page","link":"https:\/\/ambcaracas.esteri.it\/es\/chi-siamo\/","title":{"rendered":"Quienes somos"},"content":{"rendered":"<p style=\"text-align: justify;\">Desde 1991, la Canciller\u00eda de la Embajada de Italia en Venezuela tiene su sede en El Rosal &#8211; Municipio de Chacao, donde se concentran las principales actividades empresariales y comerciales de la capital y cuenta con diversas representaciones diplom\u00e1ticas y consulares acreditadas ante la Rep\u00fablica Bolivariana de Venezuela.<\/p>\n<p style=\"text-align: justify;\">La Canciller\u00eda ocupa el \u00faltimo piso de un moderno edificio, en el cual se encuentran tambi\u00e9n la Bolsa de Valores y el Municipio de Chacao.<\/p>\n<p style=\"text-align: justify;\">La Embajada tambi\u00e9n hospeda en sus instalaciones las oficinas de la Agencia ICE para la promoci\u00f3n en el Exterior y la internacionalizaci\u00f3n de las empresas italianas (ITA &#8211; Italian Trade &amp; Investment Agency).<\/p>\n","protected":false},"excerpt":{"rendered":"Desde 1991, la Canciller\u00eda de la Embajada de Italia en Venezuela tiene su sede en El Rosal &#8211; Municipio de Chacao, donde se concentran las principales actividades empresariales y comerciales de la capital y cuenta con diversas representaciones diplom\u00e1ticas y consulares acreditadas ante la Rep\u00fablica Bolivariana de Venezuela. La Canciller\u00eda ocupa el \u00faltimo piso de [&hellip;]","protected":false},"author":1,"featured_media":0,"parent":0,"menu_order":2,"comment_status":"closed","ping_status":"closed","template":"","meta":{"footnotes":""},"class_list":["post-144","page","type-page","status-publish","hentry"],"_links":{"self":[{"href":"https:\/\/ambcaracas.esteri.it\/es\/wp-json\/wp\/v2\/pages\/144","targetHints":{"allow":["GET"]}}],"collection":[{"href":"https:\/\/ambcaracas.esteri.it\/es\/wp-json\/wp\/v2\/pages"}],"about":[{"href":"https:\/\/ambcaracas.esteri.it\/es\/wp-json\/wp\/v2\/types\/page"}],"author":[{"embeddable":true,"href":"https:\/\/ambcaracas.esteri.it\/es\/wp-json\/wp\/v2\/users\/1"}],"replies":[{"embeddable":true,"href":"https:\/\/ambcaracas.esteri.it\/es\/wp-json\/wp\/v2\/comments?post=144"}],"version-history":[{"count":3,"href":"https:\/\/ambcaracas.esteri.it\/es\/wp-json\/wp\/v2\/pages\/144\/revisions"}],"predecessor-version":[{"id":1603,"href":"https:\/\/ambcaracas.esteri.it\/es\/wp-json\/wp\/v2\/pages\/144\/revisions\/1603"}],"wp:attachment":[{"href":"https:\/\/ambcaracas.esteri.it\/es\/wp-json\/wp\/v2\/media?parent=144"}],"curies":[{"name":"wp","href":"https:\/\/api.w.org\/{rel}","templated":true}]}}